{"id":16034,"date":"2023-03-21T10:04:42","date_gmt":"2023-03-21T09:04:42","guid":{"rendered":"https:\/\/relojes-especiales.com\/blog\/?page_id=16034"},"modified":"2023-07-19T09:28:04","modified_gmt":"2023-07-19T08:28:04","slug":"proteccion-de-datos","status":"publish","type":"page","link":"https:\/\/relojes-especiales.com\/blog\/proteccion-de-datos\/","title":{"rendered":"Protecci\u00f3n de datos"},"content":{"rendered":"<div class=\"docpara \">\n<ol>\n<li><strong><u> Qui\u00e9n es el responsable del tratamiento<\/u><\/strong><\/li>\n<\/ol>\n<p><strong>Identidad:<\/strong> UNDESTO, S.L. \/ RELOJES ESPECIALES<br \/>\n<strong>CIF:<\/strong> CIF B66824657<br \/>\n<strong>Direcci\u00f3n postal:<\/strong> C\/ Pau Claris, 149, 1\u00ba, 1\u00aa, 08009 (Barcelona)<br \/>\n<strong>Correo electr\u00f3nico de contacto:<\/strong> <a href=\"mailto:admin@relojes-especiales.com\">admin@relojes-especiales.com<\/a><\/p>\n<p>UNDESTO, S.L. \/ RELOJES ESPECIALES, como responsable del sitio web <a href=\"https:\/\/www.relojes-especiales.com\/\">https:\/\/www.relojes-especiales.com\/<\/a>, de conformidad con lo dispuesto en el Reglamento (UE) 2016\/679, de 27 de abril, relativo a la protecci\u00f3n de las personas f\u00edsicas en lo que respecta al tratamiento de datos personales (en adelante, \u00abRGPD\u00bb), y la Ley 34\/2002, de 11 de julio, de servicios de la sociedad de la informaci\u00f3n y del comercio electr\u00f3nico (LSSICE), le informa de que ha implantado las medidas de seguridad necesarias, de \u00edndole t\u00e9cnica y organizativa, para garantizar y proteger la confidencialidad, la integridad y la disponibilidad de los datos introducidos.<\/p>\n<ol start=\"2\">\n<li><strong><u> Qu\u00e9 principios aplicamos en el tratamiento de sus datos personales<\/u><\/strong><\/li>\n<\/ol>\n<p>En el tratamiento de sus datos personales, aplicaremos los siguientes principios que se ajustan a las exigencias del RGPD:<\/p>\n<ul>\n<li>Principio de licitud, lealtad y transparencia:\u00a0Siempre vamos solicitar su consentimiento para el tratamiento de sus datos personales para uno o varios fines espec\u00edficos y le informaremos previamente con absoluta transparencia.<\/li>\n<\/ul>\n<ul>\n<li>Principio de minimizaci\u00f3n de datos:\u00a0S\u00f3lo se le solicitar\u00e1n los datos estrictamente necesarios en relaci\u00f3n con los fines del tratamiento que se vaya a realizar.<\/li>\n<\/ul>\n<ul>\n<li>Principio de limitaci\u00f3n del plazo de conservaci\u00f3n:\u00a0Sus datos personales s\u00f3lo se mantendr\u00e1n durante el tiempo estrictamente necesario para los fines del tratamiento.<\/li>\n<\/ul>\n<ul>\n<li>Principio de integridad y confidencialidad:\u00a0Sus datos ser\u00e1n tratados de forma\u00a0 que se garantice, en la medida de lo posible, la seguridad adecuada de sus datos personales y, para ello, hemos adoptado las medidas t\u00e9cnicas y organizativas necesarias para garantizar la seguridad y evitar la alteraci\u00f3n, p\u00e9rdida, tratamiento o acceso no autorizado a sus datos personales.<\/li>\n<\/ul>\n<ol start=\"3\">\n<li><strong><u> Cu\u00e1l es la finalidad del tratamiento<\/u><\/strong><\/li>\n<\/ol>\n<p>Sus datos personales solo se utilizar\u00e1n para las siguientes finalidades:<\/p>\n<ul>\n<li>Gestionar el registro y verificaci\u00f3n de la cuenta de usuario para acceder al Foro: los datos personales requeridos ser\u00e1n el correo electr\u00f3nico e IP (s\u00f3lo en caso de IPs est\u00e1ticas).<\/li>\n<\/ul>\n<ul>\n<li>Gestionar la verificaci\u00f3n de doble factor de la cuenta de usuario para acceder al Subforo de Compraventa: los datos personales requeridos ser\u00e1n el correo electr\u00f3nico e IP (s\u00f3lo en caso de IPs est\u00e1ticas), previa habilitaci\u00f3n de este sistema de autenticaci\u00f3n por el propio interesado.<\/li>\n<\/ul>\n<ul>\n<li>Gestionar las promociones, sorteos, ofertas, o eventos relacionados con el Foro, incluyendo el env\u00edo de art\u00edculos promocionales procedentes del \u00abMugshot\u00bb: los datos personales requeridos ser\u00e1n el nombre, apellidos, direcci\u00f3n o tel\u00e9fono, previa autorizaci\u00f3n del interesado.<\/li>\n<\/ul>\n<ul>\n<li>Gestionar la autorizaci\u00f3n para la recepci\u00f3n por parte del usuario del Foro de las notificaci\u00f3nes \u00abPush\u00bb: permite al Foro notificar al usuario sobre nuevos mensajes o contenido actualizado.<\/li>\n<\/ul>\n<ul>\n<li>Gestionar las solicitudes o peticiones realizadas a trav\u00e9s del formulario de contacto del sitio web o a trav\u00e9s del servicio de mensajer\u00eda privado del Foro: los datos personales requeridos ser\u00e1n el correo electr\u00f3nico e IP (s\u00f3lo en caso de IPs est\u00e1ticas).<\/li>\n<\/ul>\n<p>No trataremos sus datos personales con otra finalidad que las aqu\u00ed descritas excepto por obligaci\u00f3n legal o requerimiento judicial.<\/p>\n<ol start=\"4\">\n<li><strong><u> Cu\u00e1l ser\u00e1 la duraci\u00f3n del tratamiento<\/u><\/strong><\/li>\n<\/ol>\n<p>Los datos de los interesados se conservar\u00e1n durante el plazo de vigencia de la relaci\u00f3n comercial o, en su caso, hasta que el interesado retire su consentimiento. Posteriormente, quedar\u00e1n bloqueados hasta que transcurran los plazos legales de prescripci\u00f3n aplicables.<\/p>\n<ol start=\"5\">\n<li><strong><u> Cu\u00e1l es la legitimaci\u00f3n del tratamiento<\/u><\/strong><\/li>\n<\/ol>\n<p>La\u00a0base jur\u00eddica del tratamiento de los datos es la siguiente:<\/p>\n<ol>\n<li>El consentimiento del interesado o usuario: el interesado dio su consentimiento para el tratamiento de sus datos personales para uno o varios fines espec\u00edficos. Por ejemplo, para registrarse en el Foro.<\/li>\n<\/ol>\n<ol start=\"2\">\n<li>Cumplimiento de un contrato: el tratamiento es necesario para la ejecuci\u00f3n de un contrato en el que el interesado es parte o para la aplicaci\u00f3n a petici\u00f3n de \u00e9ste de medidas precontractuales. Por ejemplo, para tramitar la contrataci\u00f3n de los servicios o productos solicitados.<\/li>\n<\/ol>\n<ol start=\"3\">\n<li>Obligaci\u00f3n legal: el tratamiento es necesario para el cumplimiento de una obligaci\u00f3n legal aplicable al responsable del tratamiento. Por ejemplo, para cumplir con las obligaciones legales y tributarias propias del Responsable del Tratamiento.<\/li>\n<\/ol>\n<ol start=\"6\">\n<li><strong><u> C\u00f3mo tratamos los datos personales de los mayores de 14 y menores de 18 a\u00f1os en este sitio web<\/u><\/strong><\/li>\n<\/ol>\n<p>Debido a que en este sitio web se pueden realizar compraventas de objetos, le rogamos que si Ud. no tiene todav\u00eda 18 a\u00f1os se abstenga de realizar el registro en este sitio web a trav\u00e9s del formulario de registro destinado a tal efecto. No obstante lo anterior, si Ud. tiene una edad superior a 14 a\u00f1os e inferior a 18 a\u00f1os y desea registrarse en este sitio web, puede contactar con UNDESTO, S.L. \/ RELOJES ESPECIALES enviando un correo electr\u00f3nico a <a href=\"mailto:admin@relojes-especiales.com\">admin@relojes-especiales.com<\/a>\u00a0 en el que solicite un registro individualizado que le permita el acceso a este sitio web con exclusi\u00f3n de los Subforos destinados a compraventas de objetos.<\/p>\n<ol start=\"7\">\n<li><strong><u> En d\u00f3nde se guarda la informaci\u00f3n<\/u><\/strong><\/li>\n<\/ol>\n<p>La informaci\u00f3n proporcionada se guarda en los servidores de UNDESTO, S.L. \/ RELOJES ESPECIALES o en proveedores y empresas encargados del tratamiento de datos que tengan los servidores en el territorio de la Uni\u00f3n Europea.<\/p>\n<ol start=\"8\">\n<li><strong><u> Cesi\u00f3n y transferencia<\/u><\/strong><\/li>\n<\/ol>\n<p>Los datos personales facilitados no se ceder\u00e1n a terceros, salvo en los siguientes supuestos:<\/p>\n<ol>\n<li>Correos o Servicio de Mensajer\u00eda: en caso de que el interesado o usuario desee que se le env\u00ede a trav\u00e9s de estos medios art\u00edculos promocionales o procedentes de sorteos como, por ejemplo, los procedentes del \u00abMugshot\u00bb.<\/li>\n<\/ol>\n<ol start=\"2\">\n<li>Fuerzas y Cuerpos de Seguridad del Estado, Jueces, Ministerio Fiscal, Juzgados y Tribunales y otras Administraciones P\u00fablicas o Autoridades: en caso de que as\u00ed lo requieran en el ejercicio de sus competencias, previo el oportuno requerimiento legal o judicial.<\/li>\n<\/ol>\n<ol start=\"3\">\n<li>Otros (notarios, procuradores, fedatarios y abogados): en caso de que as\u00ed lo requiera satisfacci\u00f3n de necesidades jur\u00eddicas que pudieran derivarse para la defensa legal de los intereses del Responsable del Tratamiento.<\/li>\n<\/ol>\n<p>Tampoco se han identificado transferencias internacionales.<\/p>\n<ol start=\"9\">\n<li><strong><u> D\u00f3nde pueden ejercer sus derechos las personas interesadas<\/u><\/strong><\/li>\n<\/ol>\n<p>Pueden solicitar ante UNDESTO, S.L. \/ RELOJES ESPECIALES el ejercicio de los derechos indicados en el punto siguiente presentando un escrito a la direcci\u00f3n postal del encabezado o enviando un correo electr\u00f3nico a <a href=\"mailto:admin@relojes-especiales.com\">admin@relojes-especiales.com<\/a> y adjuntando una fotocopia del DNI o cualquier otro documento an\u00e1logo en derecho, como indica la ley.<\/p>\n<p>Si no desea seguir recibiendo mensajes de correo de UNDESTO, S.L. \/ RELOJES ESPECIALES, puede darse de baja haciendo clic en el enlace situado en la parte inferior de todos nuestros mensajes.<\/p>\n<ol start=\"10\">\n<li><strong><u> Qu\u00e9 derechos tienen las personas interesadas<\/u><\/strong><\/li>\n<\/ol>\n<ul>\n<li><strong>Derecho de acceso:<\/strong> permite al interesado conocer y obtener informaci\u00f3n sobre sus datos de car\u00e1cter personal sometidos a tratamiento.<\/li>\n<\/ul>\n<ul>\n<li><strong>Derecho de rectificaci\u00f3n o supresi\u00f3n:<\/strong> permite corregir errores y modificar los datos que resulten inexactos o incompletos.<\/li>\n<\/ul>\n<ul>\n<li><strong>Derecho de cancelaci\u00f3n:<\/strong> permite que se supriman los datos que resulten inadecuados o excesivos.<\/li>\n<\/ul>\n<ul>\n<li><strong>Derecho de oposici\u00f3n:<\/strong> derecho del interesado a que no se realice el tratamiento de sus datos de car\u00e1cter personal o se cese en su tratamiento.<\/li>\n<\/ul>\n<ul>\n<li><strong>Limitaci\u00f3n del tratamiento:<\/strong> conlleva el marcaje de los datos personales conservados, con el fin de limitar su futuro tratamiento.<\/li>\n<\/ul>\n<ul>\n<li><strong>Portabilidad de los datos:<\/strong> facilitaci\u00f3n de los datos objeto de tratamiento al interesado, para que pueda transmitirlos a otro responsable sin impedimentos.<\/li>\n<\/ul>\n<ul>\n<li><strong>Derecho a no ser objeto de decisiones individuales automatizadas<\/strong> respecto a las cuales el interesado no haya expresado su consentimiento (incluida la elaboraci\u00f3n de perfiles).<\/li>\n<\/ul>\n<ul>\n<li><strong>Derecho a no ser objeto de una decisi\u00f3n basada en el tratamiento automatizado<\/strong> que produzca efectos o afecte significativamente.<\/li>\n<\/ul>\n<ul>\n<li><strong>Derecho a retirar el consentimiento<\/strong> prestado en cualquier momento.<\/li>\n<\/ul>\n<p>El interesado tambi\u00e9n tiene derecho a presentar una reclamaci\u00f3n ante la <u>autoridad de control<\/u> si considera que pueden haberse vulnerado sus derechos con respecto a la protecci\u00f3n de sus datos.<\/p>\n<ol start=\"11\">\n<li><strong><u> C\u00f3mo se garantiza la seguridad de los datos que tratamos<\/u><\/strong><\/li>\n<\/ol>\n<p>UNDESTO, S.L. \/ RELOJES ESPECIALES, en respuesta a la confianza depositada en nosotros y teniendo en cuenta la importancia en materia de protecci\u00f3n y confidencialidad que requieren los datos personales del usuario, le informa de que ha adoptado todas las medidas t\u00e9cnicas y organizativas necesarias para salvaguardar su seguridad, tal como exige la normativa vigente que regula el reglamento de medios de seguridad de los ficheros que contengan datos de car\u00e1cter personal.<\/p>\n<ol start=\"12\">\n<li><strong><u> C\u00f3mo tratamos los datos personales en Redes Sociales y en los diferentes Canales de Comunicaci\u00f3n (Whatsapp, Telegram, etc.)<\/u><\/strong><\/li>\n<\/ol>\n<p>UNDESTO, S.L. \/ RELOJES ESPECIALES no es responsable del tratamiento de datos personales que realizan las diversas Redes Sociales (Facebook, Twitter, Instagram, etc.) y Canales de Comunicaci\u00f3n (Whatsapp, Telegram, etc.). En este sentido, si desea conocer c\u00f3mo tratan sus datos personales en los indicados medios o canales, le recomendamos que revise sus pol\u00edticas de protecci\u00f3n de datos.<\/p>\n<ol start=\"13\">\n<li><strong><u> Cu\u00e1l es nuestra pol\u00edtica de cookies<\/u><\/strong><\/li>\n<\/ol>\n<p>Consulte la <a href=\"https:\/\/relojes-especiales.com\/blog\/politica-de-cookies\/\">Pol\u00edtica de cookies<\/a><br \/>\n&nbsp;<\/p>\n<ol start=\"14\">\n<li><strong><u> Cambios en la presente pol\u00edtica de privacidad<\/u><\/strong><\/li>\n<\/ol>\n<p>&nbsp;<br \/>\nUNDESTO, S.L. \/ RELOJES ESPECIALES se reserva el derecho a modificar la presente pol\u00edtica para adaptarla a novedades legislativas o jurisprudenciales.<\/p>\n<ol start=\"15\">\n<li><strong><u> D\u00f3nde se puede obtener m\u00e1s informaci\u00f3n<\/u><\/strong><\/li>\n<\/ol>\n<p>Consulte la <a href=\"https:\/\/relojes-especiales.com\/blog\/proteccion-de-datos\/\">Pol\u00edtica de Protecci\u00f3n de Datos<\/a><br \/>\n o contacte con el responsable del tratamiento y de este sitio web en el e-mail <a href=\"mailto:admin@relojes-especiales.com\">admin@relojes-especiales.com<\/a>.<br \/>\n&nbsp;<\/p>\n<ol start=\"16\">\n<li><strong><u> \u00daltima actualizaci\u00f3n de la pol\u00edtica de protecci\u00f3n de datos<\/u><\/strong><\/li>\n<\/ol>\n<p>Anterior actualizaci\u00f3n: 20\/07\/2022.<br \/>\n\u00daltima actualizaci\u00f3n: 07\/07\/2023.<\/p>\n<\/div>\n","protected":false},"excerpt":{"rendered":"<p>Qui\u00e9n es el responsable del tratamiento Identidad: UNDESTO, S.L. \/ RELOJES ESPECIALES CIF: CIF B66824657 Direcci\u00f3n postal: C\/ Pau Claris, 149, 1\u00ba, 1\u00aa, 08009 (Barcelona)<\/p>\n","protected":false},"author":1,"featured_media":0,"parent":0,"menu_order":0,"comment_status":"closed","ping_status":"closed","template":"","meta":{"_seopress_robots_primary_cat":"","_seopress_titles_title":"","_seopress_titles_desc":"","_seopress_robots_index":"","footnotes":""},"class_list":["post-16034","page","type-page","status-publish","hentry"],"_links":{"self":[{"href":"https:\/\/relojes-especiales.com\/blog\/wp-json\/wp\/v2\/pages\/16034","targetHints":{"allow":["GET"]}}],"collection":[{"href":"https:\/\/relojes-especiales.com\/blog\/wp-json\/wp\/v2\/pages"}],"about":[{"href":"https:\/\/relojes-especiales.com\/blog\/wp-json\/wp\/v2\/types\/page"}],"author":[{"embeddable":true,"href":"https:\/\/relojes-especiales.com\/blog\/wp-json\/wp\/v2\/users\/1"}],"replies":[{"embeddable":true,"href":"https:\/\/relojes-especiales.com\/blog\/wp-json\/wp\/v2\/comments?post=16034"}],"version-history":[{"count":3,"href":"https:\/\/relojes-especiales.com\/blog\/wp-json\/wp\/v2\/pages\/16034\/revisions"}],"predecessor-version":[{"id":16074,"href":"https:\/\/relojes-especiales.com\/blog\/wp-json\/wp\/v2\/pages\/16034\/revisions\/16074"}],"wp:attachment":[{"href":"https:\/\/relojes-especiales.com\/blog\/wp-json\/wp\/v2\/media?parent=16034"}],"curies":[{"name":"wp","href":"https:\/\/api.w.org\/{rel}","templated":true}]}}