{"id":10812,"date":"2016-07-21T10:40:05","date_gmt":"2016-07-21T09:40:05","guid":{"rendered":"https:\/\/relojes-especiales.com\/blog\/politica-de-cookies\/"},"modified":"2023-07-18T11:07:08","modified_gmt":"2023-07-18T10:07:08","slug":"politica-de-cookies","status":"publish","type":"page","link":"https:\/\/relojes-especiales.com\/blog\/politica-de-cookies\/","title":{"rendered":"Pol\u00edtica de cookies"},"content":{"rendered":"<ol>\n<li><strong><u> Qu\u00e9 es una cookie<\/u><\/strong><\/li>\n<\/ol>\n<p>La cookie (o galleta inform\u00e1tica) es cualquier tipo de archivo o dispositivo que se descarga en el equipo terminal de un usuario con la finalidad de almacenar datos que podr\u00e1n ser actualizados y recuperados por la entidad responsable de su instalaci\u00f3n.<\/p>\n<p>&nbsp;<\/p>\n<p>Sus principales funciones son llevar el control de usuarios y conseguir informaci\u00f3n sobre los h\u00e1bitos de navegaci\u00f3n del usuario y evitar intentos de intrusi\u00f3n a trav\u00e9s de programas esp\u00eda.<\/p>\n<ol start=\"2\">\n<li><strong><u> Cu\u00e1les son los principales tipos de cookies<\/u><\/strong><\/li>\n<\/ol>\n<p>Los principales tipos de cookies son los siguientes:<\/p>\n<p>&nbsp;<\/p>\n<p>1.- Seg\u00fan quien las gestione:<\/p>\n<p>&nbsp;<\/p>\n<ol>\n<li>Propias: son aquellas que se env\u00edan al terminal del usuario desde equipo o dominio gestionado por el propio editor o responsable de la Web desde que se presta el servicio solicitado por el usuario.<\/li>\n<\/ol>\n<p>&nbsp;<\/p>\n<ol>\n<li>De terceros: son aqu\u00e9llas que se env\u00edan al equipo terminal del usuario desde un equipo o dominio que no es gestionado por el editor o responsable de la Web, sino por otra entidad que trata los datos obtenidos a trav\u00e9s de las cookies.<\/li>\n<\/ol>\n<p>&nbsp;<\/p>\n<p>2.- Seg\u00fan el plazo de tiempo que permanecen activadas:<\/p>\n<p>&nbsp;<\/p>\n<ol>\n<li>De sesi\u00f3n: Son un tipo de cookies dise\u00f1adas para recabar y almacenar datos mientras el usuario accede a una p\u00e1gina Web.<\/li>\n<\/ol>\n<p>&nbsp;<\/p>\n<ol>\n<li>Persistentes: Son un tipo de cookies en el que los datos siguen almacenados en el terminal y pueden ser accedidos y tratados durante un periodo definido por el responsable de la cookie, y que puede ir de unos minutos a varios a\u00f1os.<\/li>\n<\/ol>\n<p>&nbsp;<\/p>\n<p>3.- Seg\u00fan su finalidad:<\/p>\n<p>&nbsp;<\/p>\n<ol>\n<li>T\u00e9cnicas: Son aqu\u00e9llas que permiten al usuario la navegaci\u00f3n a trav\u00e9s de una p\u00e1gina Web, plataforma o aplicaci\u00f3n y la utilizaci\u00f3n de las diferentes opciones o servicios que en ella existan como, por ejemplo, controlar el tr\u00e1fico y la comunicaci\u00f3n de datos, identificar la sesi\u00f3n, acceder a partes de acceso restringido, recordar los elementos que integran un pedido, realizar el proceso de compra de un pedido, realizar la solicitud de inscripci\u00f3n o participaci\u00f3n en un evento, utilizar elementos de seguridad durante la navegaci\u00f3n, almacenar contenidos para la difusi\u00f3n de videos o sonido o compartir contenidos a trav\u00e9s de redes sociales.<\/li>\n<\/ol>\n<p>&nbsp;<\/p>\n<ol>\n<li>De personalizaci\u00f3n: Son aqu\u00e9llas que permiten al usuario acceder al servicio con algunas caracter\u00edsticas de car\u00e1cter general predefinidas en funci\u00f3n de una serie de criterios en el terminal del usuario como por ejemplo ser\u00edan el idioma, el tipo de navegador a trav\u00e9s del cual accede al servicio, la configuraci\u00f3n regional desde donde accede al servicio, etc.<\/li>\n<\/ol>\n<p>&nbsp;<\/p>\n<ol>\n<li>De an\u00e1lisis: Son aqu\u00e9llas que permiten al responsable de las mismas, el seguimiento y an\u00e1lisis del comportamiento de los usuarios de los sitios Web a los que est\u00e1n vinculadas. La informaci\u00f3n recogida mediante este tipo de cookies se utiliza en la medici\u00f3n de la actividad de los sitios Web, aplicaci\u00f3n o plataforma y para la elaboraci\u00f3n de perfiles de navegaci\u00f3n de los usuarios de dichos sitios, aplicaciones y plataformas, con el fin de introducir mejoras en funci\u00f3n del an\u00e1lisis de los datos de uso que hacen los usuarios del servicio.<\/li>\n<\/ol>\n<p>&nbsp;<\/p>\n<ol>\n<li>Publicitarias: Son aqu\u00e9llas que permiten la gesti\u00f3n, de la forma m\u00e1s eficaz posible, de los espacios publicitarios que, en su caso, el editor haya incluido en una p\u00e1gina Web, aplicaci\u00f3n o plataforma desde la que presta el servicio solicitado en base a criterios como el contenido editado o la frecuencia en la que se muestran los anuncios.<\/li>\n<\/ol>\n<p>&nbsp;<\/p>\n<ol>\n<li>De publicidad comportamental: Son aqu\u00e9llas que permiten la gesti\u00f3n, de la forma m\u00e1s eficaz posible, de los espacios publicitarios que, en su caso, el editor o responsable de la Web haya incluido en una p\u00e1gina web, aplicaci\u00f3n o plataforma desde la que presta el servicio solicitado.<\/li>\n<\/ol>\n<p>&nbsp;<\/p>\n<p>Estas cookies almacenan informaci\u00f3n del comportamiento de los usuarios obtenida a trav\u00e9s de la observaci\u00f3n continuada de sus h\u00e1bitos de navegaci\u00f3n, lo que permite desarrollar un perfil espec\u00edfico para mostrar publicidad en funci\u00f3n del mismo.<\/p>\n<ol start=\"3\">\n<li><strong><u> Cu\u00e1les son tipos de cookies utilizadas en este Portal Web<\/u><\/strong><\/li>\n<\/ol>\n<p>La relaci\u00f3n y descripci\u00f3n de las cookies utilizadas por este portal o sitio Web son las siguientes, salvo error u omisi\u00f3n involuntaria o actualizaci\u00f3n reciente del Portal:<\/p>\n<table class=\"table\" style=\"font-size: 12px;\">\n<tbody>\n<tr>\n<td><strong>Tipo<\/strong><\/td>\n<td><strong>Ejemplos de Cookies<\/strong><\/td>\n<td><strong>Descripci\u00f3n<\/strong><\/td>\n<td><strong>Proveedor<\/strong><\/td>\n<td><strong>Propia\/Terceros<\/strong><\/td>\n<td><strong>Duraci\u00f3n<\/strong><\/td>\n<\/tr>\n<tr class=\"con-top gris\">\n<td rowspan=\"4\"><strong>Cookies T\u00e9cnicas:<\/strong> Permiten al usuario la navegaci\u00f3n a trav\u00e9s de una p\u00e1gina web, plataforma o aplicaci\u00f3n y la utilizaci\u00f3n de las diferentes opciones o servicios que en ella existan como, por ejemplo, controlar el tr\u00e1fico y la comunicaci\u00f3n de datos, identificar la sesi\u00f3n, acceder a partes de acceso restringido, recordar los elementos que integran un pedido, realizar el proceso de compra de un pedido o utilizar elementos de seguridad durante la navegaci\u00f3n.<\/td>\n<td>SESS[ID]<\/td>\n<td>Variables de sesi\u00f3n del usuario<\/td>\n<td>Sitio web<\/td>\n<td>Propia<\/td>\n<td>Sesi\u00f3n<\/td>\n<\/tr>\n<tr class=\"gris\">\n<td>cookie-agreed<\/td>\n<td>Indica si el usuario acepta las cookies<\/td>\n<td>Sitio web<\/td>\n<td>Propia<\/td>\n<td>3 meses<\/td>\n<\/tr>\n<tr class=\"gris\">\n<td>cookie-agreed-categories<\/td>\n<td>Categor\u00eda de cookies aceptadas<\/td>\n<td>Sitio web<\/td>\n<td>Propia<\/td>\n<td>3 meses<\/td>\n<\/tr>\n<tr class=\"gris\">\n<td>idsid<\/td>\n<td>Variable que distingue al usuario de forma an\u00f3nima en la sesi\u00f3n<\/td>\n<td>Sitio web<\/td>\n<td>Propia<\/td>\n<td>Sesi\u00f3n<\/td>\n<\/tr>\n<tr class=\"con-top\">\n<td rowspan=\"3\"><strong>Cookies de preferencia:<\/strong> \u00a0Permiten recordar informaci\u00f3n para que el usuario acceda al servicio con determinadas caracter\u00edsticas que pueden diferenciar su experiencia de la de otros usuarios, como, por ejemplo, el idioma, el n\u00famero de resultados a mostrar cuando el usuario realiza una b\u00fasqueda, el aspecto o contenido del servicio en funci\u00f3n del tipo de navegador utilizado.<\/td>\n<td>NID<\/td>\n<td rowspan=\"3\">Permite personalizar c\u00f3mo se ven anuncios fuera de Google o almacenar informaci\u00f3n como el idioma preferido a la hora de mostrar resultados de b\u00fasqueda.<\/td>\n<td><a href=\"https:\/\/policies.google.com\/privacy?hl=es&amp;gl=es\" target=\"_blank\" rel=\"noopener\">Google<\/a><\/td>\n<td>Terceros<\/td>\n<td>18 meses<\/td>\n<\/tr>\n<tr>\n<td>OTZ<\/td>\n<td><a href=\"https:\/\/policies.google.com\/privacy?hl=es&amp;gl=es\" target=\"_blank\" rel=\"noopener\">Google<\/a><\/td>\n<td>Terceros<\/td>\n<td>1 mes<\/td>\n<\/tr>\n<tr>\n<td>CONSENT<\/td>\n<td><a href=\"https:\/\/policies.google.com\/privacy?hl=es&amp;gl=es\" target=\"_blank\" rel=\"noopener\">Google<\/a> \/ <a href=\"https:\/\/www.youtube.com\/intl\/es\/about\/policies\/#community-guidelines\" target=\"_blank\" rel=\"noopener\">YouTube<\/a><\/td>\n<td>Terceros<\/td>\n<td>18 a\u00f1os<\/td>\n<\/tr>\n<tr class=\"con-top gris\">\n<td><strong>Cookies Anal\u00edticas:<\/strong> Sirven para analizar los h\u00e1bitos de navegaci\u00f3n de los usuarios, con el objetivo de optimizar las funcionalidades y el mantenimiento t\u00e9cnico y operativo y garantizar la mejor experiencia posible.<\/td>\n<td>_ga, _gat, _gid<\/td>\n<td>Analizan el comportamiento del usuario en la web de manera an\u00f3nima. Proporcionan una experiencia de alta calidad al mejorar funcionalidad en base a an\u00e1lisis de comportamientos, rendimiento, etc.<\/td>\n<td><a href=\"https:\/\/policies.google.com\/privacy?hl=es&amp;gl=es\" target=\"_blank\" rel=\"noopener\">Google<\/a> (Google Analytics)<\/td>\n<td>Terceros<\/td>\n<td>1 d\u00eda<\/td>\n<\/tr>\n<\/tbody>\n<\/table>\n<p>&nbsp;<\/p>\n<ol start=\"4\">\n<li><strong><u> C\u00f3mo podemos configurar las cookies utilizadas en este Portal Web<\/u><\/strong><\/li>\n<\/ol>\n<p>El usuario de este Portal web puede permitir, bloquear o eliminar las cookies instaladas en su equipo mediante la configuraci\u00f3n de las opciones del navegador instalado en su ordenador. En caso de utilizar el navegador:<\/p>\n<p>&nbsp;<\/p>\n<ul>\n<li>Chrome, desde: <a href=\"http:\/\/support.google.com\/chrome\/bin\/answer.py?hl=es&amp;answer=95647\">http:\/\/support.google.com\/chrome\/bin\/answer.py?hl=es&amp;answer=95647<\/a><\/li>\n<li>Explorer, desde:<\/li>\n<\/ul>\n<p><a href=\"http:\/\/windows.microsoft.com\/es-es\/windows7\/how-to-manage-cookies-in-internetexplorer-9\">http:\/\/windows.microsoft.com\/es-es\/windows7\/how-to-manage-cookies-in-internetexplorer-9<\/a><\/p>\n<ul>\n<li>Firefox, desde:<\/li>\n<\/ul>\n<p><a href=\"http:\/\/support.mozilla.org\/es\/kb\/habilitar-y-deshabilitar-cookies-que-los-sitios-we\">http:\/\/support.mozilla.org\/es\/kb\/habilitar-y-deshabilitar-cookies-que-los-sitios-we<\/a><\/p>\n<ul>\n<li>Safari, desde:<\/li>\n<\/ul>\n<p><a href=\"http:\/\/support.apple.com\/kb\/ph5042\">http:\/\/support.apple.com\/kb\/ph5042<\/a><\/p>\n<ul>\n<li>Opera, desde:<\/li>\n<\/ul>\n<p><a href=\"http:\/\/help.opera.com\/Windows\/11.50\/es-ES\/cookies.html\">http:\/\/help.opera.com\/Windows\/11.50\/es-ES\/cookies.html<\/a><\/p>\n<p>&nbsp;<\/p>\n<p>UNDESTO, SOCIEDAD LIMITADA no se responsabiliza de los fallos de funcionamiento que pudieran ocasionar el bloqueo o eliminaci\u00f3n de una, varias o todas las cookies descritas anteriormente.<\/p>\n<p>&nbsp;<\/p>\n<p>La navegaci\u00f3n por este portal Web implica la aceptaci\u00f3n de facto de la presente pol\u00edtica de cookies. No obstante, el usuario de este portal Web podr\u00e1 en todo momento realizar las modificaciones que considere oportunas en esta concreta materia, para lo cual, acudir\u00e1 a los enlaces indicados anteriormente en funci\u00f3n del navegador que utilice.<\/p>\n<p>&nbsp;<\/p>\n<p>Del mismo modo,\u00a0 este portal Web no se hace responsable del contenido y veracidad de las pol\u00edticas de privacidad de los terceros incluidas en esta pol\u00edtica de cookies.<\/p>\n<p>&nbsp;<\/p>\n<p>Si un usuario de este portal web tiene dudas sobre esta pol\u00edtica de cookies, puede contactar con\u00a0 este portal WEB en: <a href=\"mailto:admin@relojes-especiales.com\">admin@relojes-especiales.com<\/a><\/p>\n<p>&nbsp;<\/p>\n","protected":false},"excerpt":{"rendered":"<p>Qu\u00e9 es una cookie La cookie (o galleta inform\u00e1tica) es cualquier tipo de archivo o dispositivo que se descarga en el equipo terminal de un<\/p>\n","protected":false},"author":1,"featured_media":0,"parent":0,"menu_order":0,"comment_status":"closed","ping_status":"closed","template":"","meta":{"_seopress_robots_primary_cat":"","_seopress_titles_title":"","_seopress_titles_desc":"","_seopress_robots_index":"yes","footnotes":""},"class_list":["post-10812","page","type-page","status-publish","hentry"],"_links":{"self":[{"href":"https:\/\/relojes-especiales.com\/blog\/wp-json\/wp\/v2\/pages\/10812","targetHints":{"allow":["GET"]}}],"collection":[{"href":"https:\/\/relojes-especiales.com\/blog\/wp-json\/wp\/v2\/pages"}],"about":[{"href":"https:\/\/relojes-especiales.com\/blog\/wp-json\/wp\/v2\/types\/page"}],"author":[{"embeddable":true,"href":"https:\/\/relojes-especiales.com\/blog\/wp-json\/wp\/v2\/users\/1"}],"replies":[{"embeddable":true,"href":"https:\/\/relojes-especiales.com\/blog\/wp-json\/wp\/v2\/comments?post=10812"}],"version-history":[{"count":3,"href":"https:\/\/relojes-especiales.com\/blog\/wp-json\/wp\/v2\/pages\/10812\/revisions"}],"predecessor-version":[{"id":16069,"href":"https:\/\/relojes-especiales.com\/blog\/wp-json\/wp\/v2\/pages\/10812\/revisions\/16069"}],"wp:attachment":[{"href":"https:\/\/relojes-especiales.com\/blog\/wp-json\/wp\/v2\/media?parent=10812"}],"curies":[{"name":"wp","href":"https:\/\/api.w.org\/{rel}","templated":true}]}}